{"id":234,"date":"2023-03-29T16:08:29","date_gmt":"2023-03-29T14:08:29","guid":{"rendered":"https:\/\/mjphotographers.com\/photographe\/mariage\/?page_id=234"},"modified":"2025-10-11T16:19:50","modified_gmt":"2025-10-11T14:19:50","slug":"paris","status":"publish","type":"page","link":"https:\/\/mjphotographers.com\/photographe\/mariage\/paris\/","title":{"rendered":"Photographe de mariage \u00e0 Paris"},"content":{"rendered":"","protected":false},"excerpt":{"rendered":"","protected":false},"author":1,"featured_media":0,"parent":0,"menu_order":0,"comment_status":"closed","ping_status":"closed","template":"","meta":{"_et_pb_use_builder":"","_et_pb_old_content":"","_et_gb_content_width":"","footnotes":""},"class_list":["post-234","page","type-page","status-publish","hentry"],"yoast_head":"<!-- This site is optimized with the Yoast SEO plugin v27.5 - https:\/\/yoast.com\/product\/yoast-seo-wordpress\/ -->\n<title>Photographe de mariage \u00e0 Paris | MJ Photographe en ile de France<\/title>\n<meta name=\"description\" content=\"Immortalisez l&#039;amour avec un des meilleurs photographe de mariage \u00e0 Paris. Cr\u00e9ez des souvenirs spontan\u00e9s et magiques de toute une vie.\" \/>\n<meta name=\"robots\" content=\"index, follow, max-snippet:-1, max-image-preview:large, max-video-preview:-1\" \/>\n<link rel=\"canonical\" href=\"https:\/\/mjphotographers.com\/photographe\/mariage\/paris\/\" \/>\n<meta property=\"og:locale\" content=\"fr_FR\" \/>\n<meta property=\"og:type\" content=\"article\" \/>\n<meta property=\"og:title\" content=\"Photographe de mariage \u00e0 Paris | MJ Photographe en ile de France\" \/>\n<meta property=\"og:description\" content=\"Immortalisez l&#039;amour avec un des meilleurs photographe de mariage \u00e0 Paris. Cr\u00e9ez des souvenirs spontan\u00e9s et magiques de toute une vie.\" \/>\n<meta property=\"og:url\" content=\"https:\/\/mjphotographers.com\/photographe\/mariage\/paris\/\" \/>\n<meta property=\"og:site_name\" content=\"Photographe de mariage et de couple \u00e0 Toulouse\" \/>\n<meta property=\"article:modified_time\" content=\"2025-10-11T14:19:50+00:00\" \/>\n<meta name=\"twitter:card\" content=\"summary_large_image\" \/>\n<script type=\"application\/ld+json\" class=\"yoast-schema-graph\">{\"@context\":\"https:\\\/\\\/schema.org\",\"@graph\":[{\"@type\":\"WebPage\",\"@id\":\"https:\\\/\\\/mjphotographers.com\\\/photographe\\\/mariage\\\/paris\\\/\",\"url\":\"https:\\\/\\\/mjphotographers.com\\\/photographe\\\/mariage\\\/paris\\\/\",\"name\":\"Photographe de mariage \u00e0 Paris | MJ Photographe en ile de France\",\"isPartOf\":{\"@id\":\"https:\\\/\\\/mjphotographers.com\\\/photographe\\\/mariage\\\/#website\"},\"datePublished\":\"2023-03-29T14:08:29+00:00\",\"dateModified\":\"2025-10-11T14:19:50+00:00\",\"description\":\"Immortalisez l'amour avec un des meilleurs photographe de mariage \u00e0 Paris. Cr\u00e9ez des souvenirs spontan\u00e9s et magiques de toute une vie.\",\"breadcrumb\":{\"@id\":\"https:\\\/\\\/mjphotographers.com\\\/photographe\\\/mariage\\\/paris\\\/#breadcrumb\"},\"inLanguage\":\"fr-FR\",\"potentialAction\":[{\"@type\":\"ReadAction\",\"target\":[\"https:\\\/\\\/mjphotographers.com\\\/photographe\\\/mariage\\\/paris\\\/\"]}]},{\"@type\":\"BreadcrumbList\",\"@id\":\"https:\\\/\\\/mjphotographers.com\\\/photographe\\\/mariage\\\/paris\\\/#breadcrumb\",\"itemListElement\":[{\"@type\":\"ListItem\",\"position\":1,\"name\":\"Accueil\",\"item\":\"https:\\\/\\\/mjphotographers.com\\\/photographe\\\/mariage\\\/\"},{\"@type\":\"ListItem\",\"position\":2,\"name\":\"Photographe de mariage \u00e0 Paris\"}]},{\"@type\":\"WebSite\",\"@id\":\"https:\\\/\\\/mjphotographers.com\\\/photographe\\\/mariage\\\/#website\",\"url\":\"https:\\\/\\\/mjphotographers.com\\\/photographe\\\/mariage\\\/\",\"name\":\"Photographe de mariage et de couple \u00e0 Toulouse\",\"description\":\"Photographe sp\u00e9cialiste des couples qui n&#039;aiment pas poser\",\"potentialAction\":[{\"@type\":\"SearchAction\",\"target\":{\"@type\":\"EntryPoint\",\"urlTemplate\":\"https:\\\/\\\/mjphotographers.com\\\/photographe\\\/mariage\\\/?s={search_term_string}\"},\"query-input\":{\"@type\":\"PropertyValueSpecification\",\"valueRequired\":true,\"valueName\":\"search_term_string\"}}],\"inLanguage\":\"fr-FR\"}]}<\/script>\n<!-- \/ Yoast SEO plugin. -->","yoast_head_json":{"title":"Photographe de mariage \u00e0 Paris | MJ Photographe en ile de France","description":"Immortalisez l'amour avec un des meilleurs photographe de mariage \u00e0 Paris. Cr\u00e9ez des souvenirs spontan\u00e9s et magiques de toute une vie.","robots":{"index":"index","follow":"follow","max-snippet":"max-snippet:-1","max-image-preview":"max-image-preview:large","max-video-preview":"max-video-preview:-1"},"canonical":"https:\/\/mjphotographers.com\/photographe\/mariage\/paris\/","og_locale":"fr_FR","og_type":"article","og_title":"Photographe de mariage \u00e0 Paris | MJ Photographe en ile de France","og_description":"Immortalisez l'amour avec un des meilleurs photographe de mariage \u00e0 Paris. Cr\u00e9ez des souvenirs spontan\u00e9s et magiques de toute une vie.","og_url":"https:\/\/mjphotographers.com\/photographe\/mariage\/paris\/","og_site_name":"Photographe de mariage et de couple \u00e0 Toulouse","article_modified_time":"2025-10-11T14:19:50+00:00","twitter_card":"summary_large_image","schema":{"@context":"https:\/\/schema.org","@graph":[{"@type":"WebPage","@id":"https:\/\/mjphotographers.com\/photographe\/mariage\/paris\/","url":"https:\/\/mjphotographers.com\/photographe\/mariage\/paris\/","name":"Photographe de mariage \u00e0 Paris | MJ Photographe en ile de France","isPartOf":{"@id":"https:\/\/mjphotographers.com\/photographe\/mariage\/#website"},"datePublished":"2023-03-29T14:08:29+00:00","dateModified":"2025-10-11T14:19:50+00:00","description":"Immortalisez l'amour avec un des meilleurs photographe de mariage \u00e0 Paris. Cr\u00e9ez des souvenirs spontan\u00e9s et magiques de toute une vie.","breadcrumb":{"@id":"https:\/\/mjphotographers.com\/photographe\/mariage\/paris\/#breadcrumb"},"inLanguage":"fr-FR","potentialAction":[{"@type":"ReadAction","target":["https:\/\/mjphotographers.com\/photographe\/mariage\/paris\/"]}]},{"@type":"BreadcrumbList","@id":"https:\/\/mjphotographers.com\/photographe\/mariage\/paris\/#breadcrumb","itemListElement":[{"@type":"ListItem","position":1,"name":"Accueil","item":"https:\/\/mjphotographers.com\/photographe\/mariage\/"},{"@type":"ListItem","position":2,"name":"Photographe de mariage \u00e0 Paris"}]},{"@type":"WebSite","@id":"https:\/\/mjphotographers.com\/photographe\/mariage\/#website","url":"https:\/\/mjphotographers.com\/photographe\/mariage\/","name":"Photographe de mariage et de couple \u00e0 Toulouse","description":"Photographe sp\u00e9cialiste des couples qui n&#039;aiment pas poser","potentialAction":[{"@type":"SearchAction","target":{"@type":"EntryPoint","urlTemplate":"https:\/\/mjphotographers.com\/photographe\/mariage\/?s={search_term_string}"},"query-input":{"@type":"PropertyValueSpecification","valueRequired":true,"valueName":"search_term_string"}}],"inLanguage":"fr-FR"}]}},"_links":{"self":[{"href":"https:\/\/mjphotographers.com\/photographe\/mariage\/wp-json\/wp\/v2\/pages\/234","targetHints":{"allow":["GET"]}}],"collection":[{"href":"https:\/\/mjphotographers.com\/photographe\/mariage\/wp-json\/wp\/v2\/pages"}],"about":[{"href":"https:\/\/mjphotographers.com\/photographe\/mariage\/wp-json\/wp\/v2\/types\/page"}],"author":[{"embeddable":true,"href":"https:\/\/mjphotographers.com\/photographe\/mariage\/wp-json\/wp\/v2\/users\/1"}],"replies":[{"embeddable":true,"href":"https:\/\/mjphotographers.com\/photographe\/mariage\/wp-json\/wp\/v2\/comments?post=234"}],"version-history":[{"count":32,"href":"https:\/\/mjphotographers.com\/photographe\/mariage\/wp-json\/wp\/v2\/pages\/234\/revisions"}],"predecessor-version":[{"id":574,"href":"https:\/\/mjphotographers.com\/photographe\/mariage\/wp-json\/wp\/v2\/pages\/234\/revisions\/574"}],"wp:attachment":[{"href":"https:\/\/mjphotographers.com\/photographe\/mariage\/wp-json\/wp\/v2\/media?parent=234"}],"curies":[{"name":"wp","href":"https:\/\/api.w.org\/{rel}","templated":true}]}}